{"id":1378,"date":"2025-01-30T12:01:07","date_gmt":"2025-01-30T16:01:07","guid":{"rendered":"http:\/\/localhost\/wordpress_yonin\/?page_id=1378"},"modified":"2025-02-24T10:09:42","modified_gmt":"2025-02-24T14:09:42","slug":"atencion-al-ciudadano","status":"publish","type":"page","link":"https:\/\/www.cscvenezuela.com.ve\/index.php\/atencion-al-ciudadano\/","title":{"rendered":"ATENCI\u00d3N AL CIUDADANO FORMULARIO"},"content":{"rendered":"\t\t<div data-elementor-type=\"wp-page\" data-elementor-id=\"1378\" class=\"elementor elementor-1378\" data-elementor-post-type=\"page\">\n\t\t\t\t\t\t\t<div class=\"elementor-element elementor-element-ade2a3d e-con-full e-flex wpr-particle-no wpr-jarallax-no wpr-parallax-no wpr-sticky-section-no e-con e-parent\" data-id=\"ade2a3d\" data-element_type=\"container\" data-settings=\"{&quot;content_width&quot;:&quot;full&quot;}\" data-core-v316-plus=\"true\">\n\t\t<div class=\"elementor-element elementor-element-7fe3b78 e-con-full e-flex wpr-particle-no wpr-jarallax-no wpr-parallax-no wpr-sticky-section-no e-con e-child\" data-id=\"7fe3b78\" data-element_type=\"container\" data-settings=\"{&quot;content_width&quot;:&quot;full&quot;}\">\n\t\t\t\t<div class=\"elementor-element elementor-element-80b7b1d elementor-align-justify elementor-widget__width-initial elementor-widget elementor-widget-button\" data-id=\"80b7b1d\" data-element_type=\"widget\" data-widget_type=\"button.default\">\n\t\t\t\t<div class=\"elementor-widget-container\">\n\t\t\t\t\t<div class=\"elementor-button-wrapper\">\n\t\t\t<a class=\"elementor-button elementor-button-link elementor-size-sm\" href=\"https:\/\/www.cscvenezuela.com.ve\/index.php\/atencion-al-ciudadano-inicio-de-sesion\/\">\n\t\t\t\t\t\t<span class=\"elementor-button-content-wrapper\">\n\t\t\t\t\t\t<span class=\"elementor-button-text\">Inicio de sesi\u00f3n<\/span>\n\t\t<\/span>\n\t\t\t\t\t<\/a>\n\t\t<\/div>\n\t\t\t\t<\/div>\n\t\t\t\t<\/div>\n\t\t\t\t<\/div>\n\t\t\t\t<div class=\"elementor-element elementor-element-eddabab elementor-widget elementor-widget-shortcode\" data-id=\"eddabab\" data-element_type=\"widget\" data-widget_type=\"shortcode.default\">\n\t\t\t\t<div class=\"elementor-widget-container\">\n\t\t\t\t\t<div class=\"elementor-shortcode\">\t\n\n    <form method=\"post\" enctype=\"multipart\/form-data\" class=\"casos-form\">\n        <input type=\"hidden\" id=\"casos_form_nonce\" name=\"casos_form_nonce\" value=\"ef0b2de67b\" \/><input type=\"hidden\" name=\"_wp_http_referer\" value=\"\/index.php\/wp-json\/wp\/v2\/pages\/1378\" \/>\n    <div>\n        <label for=\"apellidos_nombres\">Apellidos y Nombres del solicitante:<\/label>\n\t\t<input type=\"text\" name=\"apellidos_nombres\" id=\"apellidos_nombres\" \n       value=\"\" \n       required>\n\t\t            <\/div>\n\n<div>\n    <label for=\"lugar\">Lugar:<\/label>\n\n<input type=\"text\" name=\"lugar\" id=\"lugar\" \n       value=\"\" \n       required>\n\t    \t\t<\/div>\n\n\t\t<div>\n\n <label for=\"cedula_identidad\">C\u00e9dula de Identidad del solicitante V\/E:<\/label>\n<input type=\"text\" name=\"cedula_identidad\" id=\"cedula_identidad\" \n       value=\"\" \n       required>\n    \t\t<\/div>\n\n<div>\n    <label for=\"numero_telefono_local\">Tel\u00e9fono local:<\/label>\n<input type=\"text\" name=\"numero_telefono_local\" id=\"numero_telefono_local\" \n       value=\"\" \n       required>\n    \t\t<\/div>\n\n\t\t<div>\n    <label for=\"numero_telefono_celular\">Tel\u00e9fono celular:<\/label>\n<input type=\"text\" name=\"numero_telefono_celular\" id=\"numero_telefono_celular\" \n       value=\"\" \n       required>\n    \t\t<\/div>\n\n<div>\n    <label for=\"motivo\">Motivo:<\/label>\n    <textarea name=\"motivo\" id=\"motivo\" rows=\"5\" required>\n<\/textarea>\n    <\/div>\n\t\t\n<div>\n    <label for=\"razon_social\">Raz\u00f3n Social:<\/label>\n<input type=\"text\" name=\"razon_social\" id=\"razon_social\" value=\"\" required>\n    <\/div>\n\n\n<div>\n    <label for=\"direccion\">Direcci\u00f3n:<\/label>\n<textarea name=\"direccion\" id=\"direccion\" required><\/textarea>\n    \n<\/div>\n\t\t\n\t\t\n\n<div>\n    <label for=\"estado\">Estado:<\/label>\n    <select id=\"estado\" name=\"estado\" required>\n        <option value=\"\">Selecciona un estado<\/option>\n        <option value='1' >DISTRITO CAPITAL<\/option><option value='2' >AMAZONAS<\/option><option value='3' >ANZO\u00c1TEGUI<\/option><option value='4' >APURE<\/option><option value='5' >ARAGUA<\/option><option value='6' >BARINAS<\/option><option value='7' >BOL\u00cdVAR<\/option><option value='8' >CARABOBO<\/option><option value='9' >COJEDES<\/option><option value='10' >DELTA AMACURO<\/option><option value='11' >FALC\u00d3N<\/option><option value='12' >GU\u00c1RICO<\/option><option value='13' >LARA<\/option><option value='14' >M\u00c9RIDA<\/option><option value='15' >MIRANDA<\/option><option value='16' >MONAGAS<\/option><option value='17' >NUEVA ESPARTA<\/option><option value='18' >PORTUGUESA<\/option><option value='19' >SUCRE<\/option><option value='20' >T\u00c1CHIRA<\/option><option value='21' >TRUJILLO<\/option><option value='22' >YARACUY<\/option><option value='23' >ZULIA<\/option><option value='24' >LA GUAIRA<\/option><option value='25' >DEPENDENCIAS FEDERALES<\/option>    <\/select>\n    <\/div>\n\n<div>\n    <label for=\"municipio\">Municipio:<\/label>\n    <select id=\"municipio\" name=\"municipio\" required>\n        <option value=\"\">Selecciona un municipio<\/option>\n            <\/select>\n    <\/div>\n\n\t\t<div>\n    <label for=\"parroquia\">Parroquia:<\/label>\n    <select id=\"parroquia\" name=\"parroquia\" required>\n        <option value=\"\">Selecciona una parroquia<\/option>\n            <\/select>\n    <\/div>\n\n<div>\n    <label for=\"tipo_opcion\">Selecciona el tipo de solicitud:<\/label>\n    <div style=\"display: flex; flex-direction: column;\">\n        <div style=\"display: flex; gap: 0px 10px;\">\n            <input type=\"radio\"  name=\"tipo_opcion\" value=\"Denuncia\" id=\"denuncia\" \n                >\n\t\t<label for=\"denuncia\" style=\"font-weight: normal;\">Denuncia<\/label>\n        <\/div>\n\n         <div style=\"display: flex; gap: 0px 10px;\">\n            <input type=\"radio\" name=\"tipo_opcion\" value=\"Queja\" id=\"queja\" \n                >\n            <label style=\"font-weight: normal;\" for=\"queja\">Queja<\/label>\n        <\/div>\n\n         <div style=\"display: flex; gap: 0px 10px;\">\n            <input type=\"radio\" name=\"tipo_opcion\" value=\"Reclamo\" id=\"reclamo\" \n                >\n            <label style=\"font-weight: normal;\" for=\"reclamo\">Reclamo<\/label>\n        <\/div>\n\n        <div style=\"display: flex; gap: 0px 10px;\">\n            <input type=\"radio\" name=\"tipo_opcion\" value=\"Sugerencia\" id=\"sugerencia\" \n                >\n            <label style=\"font-weight: normal;\" for=\"sugerencia\">Sugerencia<\/label>\n        <\/div>\n\n        <div style=\"display: flex; gap: 0px 10px;\">\n            <input type=\"radio\" name=\"tipo_opcion\" value=\"Petici\u00f3n\" id=\"peticion\" \n                >\n            <label style=\"font-weight: normal;\" for=\"peticion\">Petici\u00f3n<\/label>\n        <\/div>\n    <\/div>\n<br>\n    <\/div>\n\n\t\t\n<div>\n    <label for=\"breve_exposicion\">Breve Exposici\u00f3n del Caso:<\/label>\n<textarea name=\"breve_exposicion\" id=\"breve_exposicion\" required><\/textarea>\n    \n<\/div>\n\n\n<div>\n    <label for=\"acuerdos_tomados\">Acuerdos Tomados:<\/label>\n    <textarea name=\"acuerdos_tomados\" id=\"acuerdos_tomados\" required><\/textarea>\n    \n<\/div>\n\n\n\n<div>\n    <label for=\"requisitos\">Requisitos Consignados:<\/label>\n   <input type=\"checkbox\" name=\"requisitos[]\" value=\"Carta dirigida al Presidente exponiendo su caso (Requisito 1)\" \n    > Carta dirigida al Presidente de la Corporaci\u00f3n Socialista del Cemento exponiendo su caso, indicar claramente de que se trata el caso planteado, N\u00b0 telef\u00f3nico, direcci\u00f3n y firma.<br>\n<input type=\"checkbox\" name=\"requisitos[]\" value=\"Fotocopia de la c\u00e9dula de identidad y Copia del RIF del solicitante (Requisito 2)\" \n    > Fotocopia de la c\u00e9dula de identidad (Pasaporte si es extranjero) y Copia del RIF del solicitante.<br>\n<input type=\"checkbox\" name=\"requisitos[]\" value=\"Copia de la evidencia en que se fundamenta (PARA DENUNCIAS) (Requisito 3)\" \n    > Copia de la evidencia en que se fundamenta (PARA DENUNCIAS), confrontados in situ con los originales correspondientes. En caso de no consignarlo, indicarlo como \"pendiente\" en cuadricula \"NO\". En este caso no se tramitar\u00e1 como denuncia.<br>\n\t<input type=\"checkbox\" name=\"requisitos[]\" value=\"Copia del informe m\u00e9dico (Requisito 4)\" \n    > Copia del informe m\u00e9dico (s\u00f3lo para salud), presupuestos, rese\u00f1a foogr\u00e1fica, otros de ser necesario<br>\n    \n<\/div>\n\n\n        <div>\n    <label for=\"formulante_nombre_apellido\">Nombre y Apellido del Formulante:<\/label>\n<input \n    type=\"text\" \n    name=\"formulante_nombre_apellido\" \n    id=\"formulante_nombre_apellido\" \n    value=\"\" \n    required \n    maxlength=\"100\"\n\/>\n    <\/div>\n\n\n<div>\n    <label for=\"formulante_cedula\">C\u00e9dula de Identidad del Formulante:<\/label>\n<input \n    type=\"text\" \n    name=\"formulante_cedula\" \n    id=\"formulante_cedula\" \n    value=\"\" \n    required \n    maxlength=\"8\"\n\/>\n    <\/div>\n\n\n<div>\n    <label for=\"formulante_telefono\">N\u00famero Telef\u00f3nico del Formulante:<\/label>\n<input \n    type=\"text\" \n    name=\"formulante_telefono\" \n    id=\"formulante_telefono\" \n    value=\"\" \n    required \n    maxlength=\"11\"\n\/>\n    <\/div>\n\n<div>\n    <label for=\"correo\">Correo Electr\u00f3nico:<\/label>\n    <input type=\"email\" id=\"correo\" name=\"correo\" \n        value=\"\" \n        required>\n\n    <\/div>\n\t\t\t\n        <label for=\"archivos_adjuntos\">Archivos Adjuntos:<\/label>\n        <div id=\"file-drop-zone\" style=\"border: 2px dashed #ccc; padding: 20px; text-align: center;\">\n            Arrastra y suelta tus archivos aqu\u00ed o <span style=\"color: blue; cursor: pointer;\" id=\"file-select-trigger\">selecciona archivos<\/span>.\n        <\/div>\n        <input type=\"file\" id=\"file-input\" name=\"archivos_adjuntos[]\" multiple style=\"display: none;\">\n\t\t\n        <ul id=\"file-list\"><\/ul>\n\n\t\t<div style=\"margin-top: 20px;\">\n    <label style=\"display: flex; align-items: center;\">\n\t<input type=\"checkbox\" name=\"declaracion\" id=\"declaracion\" value=\"1\">\n\n             \n        <span style=\"margin-left: 10px;\">\n            Declaro que los datos suministrados son verdaderos y exactos, y autorizo a la CORPORACI\u00d3N SOCIALISTA DEL CEMENTO S.A, para verificar la informaci\u00f3n presentada.\n        <\/span>\n    <\/label>\n\n    <\/div>\n\n\t\t\n<button class=\"enviar\" id=\"boton-enviar\" type=\"submit\" disabled>Registrar Caso<\/button>\n<\/form>\n<script>\ndocument.addEventListener('DOMContentLoaded', function () {\n    const checkbox = document.getElementById('declaracion');\n    const boton = document.getElementById('boton-enviar');\n\n    checkbox.addEventListener('change', function () {\n        boton.disabled = !checkbox.checked;\n    });\n\n    \/\/ Inicialmente desactivar el bot\u00f3n si no est\u00e1 marcado\n    boton.disabled = !checkbox.checked;\n});\n<\/script>\n    <script>\n\t\tdocument.addEventListener('DOMContentLoaded', function() {\n    const dropZone = document.getElementById('file-drop-zone');\n    const fileInput = document.getElementById('file-input');\n    const fileList = document.getElementById('file-list');\n    const trigger = document.getElementById('file-select-trigger');\n\n    \/\/ Objeto DataTransfer global para acumular archivos\n    let accumulatedDT = new DataTransfer();\n\n    \/\/ Al hacer clic en \"selecciona archivos\", se abre el explorador\n    trigger.addEventListener('click', function() {\n        fileInput.click();\n    });\n\n    \/\/ Manejador para arrastrar y soltar\n    dropZone.addEventListener('dragover', function(e) {\n        e.preventDefault();\n        dropZone.style.borderColor = 'blue';\n    });\n\n    dropZone.addEventListener('dragleave', function() {\n        dropZone.style.borderColor = '#ccc';\n    });\n\n    dropZone.addEventListener('drop', function(e) {\n        e.preventDefault();\n        dropZone.style.borderColor = '#ccc';\n        \/\/ Agregar los archivos soltados al DataTransfer global\n        for (const file of e.dataTransfer.files) {\n            accumulatedDT.items.add(file);\n        }\n        \/\/ Actualiza el input con la lista acumulada y la vista\n        fileInput.files = accumulatedDT.files;\n        handleFiles(accumulatedDT.files);\n    });\n\n    \/\/ Manejador para la selecci\u00f3n mediante el bot\u00f3n\n    fileInput.addEventListener('change', function(e) {\n        \/\/ Agrega los archivos nuevos al DataTransfer global\n        for (const file of e.target.files) {\n            accumulatedDT.items.add(file);\n        }\n        \/\/ Actualiza el input y la vista sin resetear el valor del input\n        fileInput.files = accumulatedDT.files;\n        handleFiles(accumulatedDT.files);\n        \/\/ \u00a1No se resetea fileInput.value! Esto evita perder la lista acumulada.\n    });\n\n    function handleFiles(files) {\n        \/\/ Limpia la lista visual\n        fileList.innerHTML = '';\n        for (const file of files) {\n            const li = document.createElement('li');\n            li.textContent = `${file.name} (${Math.round(file.size \/ 1024)} KB)`;\n\n            \n            \/\/ Bot\u00f3n para remover el archivo de la lista\n            const removeButton = document.createElement('button');\n            removeButton.textContent = ' \u2716';\n            removeButton.style.marginLeft = '10px';\n            removeButton.style.cursor = 'pointer';\n            removeButton.addEventListener('click', function() {\n                \/\/ Crea un nuevo DataTransfer sin el archivo eliminado\n                const newDT = new DataTransfer();\n                for (const f of accumulatedDT.files) {\n                    \/\/ Compara nombre y fecha de modificaci\u00f3n para identificar el archivo\n                    if (!(f.name === file.name && f.lastModified === file.lastModified)) {\n                        newDT.items.add(f);\n                    }\n                }\n                accumulatedDT = newDT;\n                fileInput.files = accumulatedDT.files;\n                handleFiles(accumulatedDT.files);\n            });\n            \n            li.appendChild(removeButton);\n            fileList.appendChild(li);\n        }\n    }\n});\n\n    <\/script>\n<script>\ndocument.addEventListener('DOMContentLoaded', function() {\n    const estadoSelect = document.getElementById('estado');\n    const municipioSelect = document.getElementById('municipio');\n    const parroquiaSelect = document.getElementById('parroquia');\n\n    estadoSelect.addEventListener('change', function() {\n        const estadoId = this.value;\n        municipioSelect.innerHTML = '<option value=\"\">Cargando...<\/option>';\n        parroquiaSelect.innerHTML = '<option value=\\\"\\\">Selecciona una parroquia<\/option>';\n\n        fetch('https:\/\/www.cscvenezuela.com.ve\/wp-admin\/admin-ajax.php?action=cargar_lugares&estado_id=' + estadoId)\n            .then(response => response.json())\n            .then(data => {\n                municipioSelect.innerHTML = '<option value=\"\">Selecciona un municipio<\/option>';\n                data.municipios.forEach(municipio => {\n                    const option = document.createElement('option');\n                    option.value = municipio.id;\n                    option.textContent = municipio.nombre;\n                    municipioSelect.appendChild(option);\n                });\n            });\n    });\n\n    municipioSelect.addEventListener('change', function() {\n        const municipioId = this.value;\n        parroquiaSelect.innerHTML = '<option value=\"\">Cargando...<\/option>';\n\n        fetch('https:\/\/www.cscvenezuela.com.ve\/wp-admin\/admin-ajax.php?action=cargar_lugares&municipio_id=' + municipioId)\n            .then(response => response.json())\n            .then(data => {\n                parroquiaSelect.innerHTML = '<option value=\"\">Selecciona una parroquia<\/option>';\n                data.parroquias.forEach(parroquia => {\n                    const option = document.createElement('option');\n                    option.value = parroquia.id;\n                    option.textContent = parroquia.nombre;\n                    parroquiaSelect.appendChild(option);\n                });\n            });\n    });\n});\n<\/script>\n\n    \n<\/div>\n\t\t\t\t<\/div>\n\t\t\t\t<\/div>\n\t\t\t\t<\/div>\n\t\t\t\t\t\t\t<\/div>\n\t\t","protected":false},"excerpt":{"rendered":"<p>Inicio de sesi\u00f3n<\/p>\n","protected":false},"author":1,"featured_media":0,"parent":0,"menu_order":0,"comment_status":"closed","ping_status":"closed","template":"","meta":{"_eb_attr":"","footnotes":""},"class_list":["post-1378","page","type-page","status-publish","hentry"],"blocksy_meta":[],"_links":{"self":[{"href":"https:\/\/www.cscvenezuela.com.ve\/index.php\/wp-json\/wp\/v2\/pages\/1378","targetHints":{"allow":["GET"]}}],"collection":[{"href":"https:\/\/www.cscvenezuela.com.ve\/index.php\/wp-json\/wp\/v2\/pages"}],"about":[{"href":"https:\/\/www.cscvenezuela.com.ve\/index.php\/wp-json\/wp\/v2\/types\/page"}],"author":[{"embeddable":true,"href":"https:\/\/www.cscvenezuela.com.ve\/index.php\/wp-json\/wp\/v2\/users\/1"}],"replies":[{"embeddable":true,"href":"https:\/\/www.cscvenezuela.com.ve\/index.php\/wp-json\/wp\/v2\/comments?post=1378"}],"version-history":[{"count":29,"href":"https:\/\/www.cscvenezuela.com.ve\/index.php\/wp-json\/wp\/v2\/pages\/1378\/revisions"}],"predecessor-version":[{"id":1474,"href":"https:\/\/www.cscvenezuela.com.ve\/index.php\/wp-json\/wp\/v2\/pages\/1378\/revisions\/1474"}],"wp:attachment":[{"href":"https:\/\/www.cscvenezuela.com.ve\/index.php\/wp-json\/wp\/v2\/media?parent=1378"}],"curies":[{"name":"wp","href":"https:\/\/api.w.org\/{rel}","templated":true}]}}